{"id":1189,"date":"2025-07-02T16:54:23","date_gmt":"2025-07-02T16:54:23","guid":{"rendered":"https:\/\/aleynavillalar\u0131.com\/?page_id=1189"},"modified":"2025-07-11T10:02:09","modified_gmt":"2025-07-11T10:02:09","slug":"elementor-sayfa-1189","status":"publish","type":"page","link":"https:\/\/aleynavillalar\u0131.com\/?page_id=1189","title":{"rendered":"Rezervasyon"},"content":{"rendered":"\t\t<div data-elementor-type=\"wp-page\" data-elementor-id=\"1189\" class=\"elementor elementor-1189\">\n\t\t\t\t<div class=\"elementor-element elementor-element-adf9f5d e-flex e-con-boxed e-con e-parent\" data-id=\"adf9f5d\" data-element_type=\"container\">\n\t\t\t\t\t<div class=\"e-con-inner\">\n\t\t\t\t\t<\/div>\n\t\t\t\t<\/div>\n\t\t<div class=\"elementor-element elementor-element-2b9e80e e-flex e-con-boxed e-con e-parent\" data-id=\"2b9e80e\" data-element_type=\"container\">\n\t\t\t\t\t<div class=\"e-con-inner\">\n\t\t\t\t<div class=\"elementor-element elementor-element-a5a3529 elementor-widget elementor-widget-html\" data-id=\"a5a3529\" data-element_type=\"widget\" data-widget_type=\"html.default\">\n\t\t\t\t<div class=\"elementor-widget-container\">\n\t\t\t\t\t<!DOCTYPE html>\r\n<html lang=\"tr\">\r\n<head>\r\n  <meta charset=\"UTF-8\">\r\n  <meta name=\"viewport\" content=\"width=device-width, initial-scale=1.0\">\r\n  <title>Villa Rezervasyon<\/title>\r\n  <style>\r\n    body {\r\n      font-family: 'Segoe UI', sans-serif;\r\n      background-color: #f9f9f9;\r\n      margin: 0;\r\n      padding: 20px;\r\n    }\r\n    .container {\r\n      max-width: 600px;\r\n      margin: auto;\r\n      background-color: white;\r\n      border-radius: 16px;\r\n      padding: 20px;\r\n      box-shadow: 0 4px 16px rgba(0,0,0,0.1);\r\n    }\r\n    h2 {\r\n      text-align: center;\r\n      margin-bottom: 20px;\r\n    }\r\n    label {\r\n      display: block;\r\n      margin-top: 15px;\r\n      font-weight: 500;\r\n    }\r\n    input[type=\"text\"],\r\n    input[type=\"tel\"],\r\n    input[type=\"date\"] {\r\n      width: 100%;\r\n      padding: 10px;\r\n      margin-top: 5px;\r\n      border: 1px solid #ccc;\r\n      border-radius: 8px;\r\n      font-size: 16px;\r\n    }\r\n    button {\r\n      width: 100%;\r\n      padding: 12px;\r\n      margin-top: 15px;\r\n      background-color: #2e7d32;\r\n      color: white;\r\n      border: none;\r\n      border-radius: 8px;\r\n      font-size: 16px;\r\n      cursor: pointer;\r\n      transition: background-color 0.3s ease;\r\n    }\r\n    button:hover {\r\n      background-color: #1b5e20;\r\n    }\r\n    @media (max-width: 600px) {\r\n      .container {\r\n        padding: 15px;\r\n      }\r\n      input, button {\r\n        font-size: 15px;\r\n      }\r\n    }\r\n  <\/style>\r\n<\/head>\r\n<body>\r\n\r\n<div class=\"container\">\r\n  <h2>Villa Rezervasyon Talebi<\/h2>\r\n\r\n  <label>Ad Soyad:\r\n    <input type=\"text\" id=\"fullname\" placeholder=\"Ad\u0131n\u0131z\u0131 Soyad\u0131n\u0131z\u0131 girin\">\r\n  <\/label>\r\n\r\n  <label>Telefon:\r\n    <input type=\"tel\" id=\"userphone\" placeholder=\"05xxxxxxxxx\">\r\n  <\/label>\r\n\r\n  <label>Giri\u015f Tarihi:\r\n    <input type=\"date\" id=\"checkin\">\r\n  <\/label>\r\n\r\n  <label>\u00c7\u0131k\u0131\u015f Tarihi:\r\n    <input type=\"date\" id=\"checkout\">\r\n  <\/label>\r\n\r\n  <button onclick=\"sendWhatsApp()\">WhatsApp ile G\u00f6nder<\/button>\r\n<\/div>\r\n\r\n<script>\r\n  function sendWhatsApp() {\r\n    const checkin = document.getElementById(\"checkin\").value;\r\n    const checkout = document.getElementById(\"checkout\").value;\r\n    const name = document.getElementById(\"fullname\").value;\r\n    const userphone = document.getElementById(\"userphone\").value;\r\n\r\n    if (!checkin || !checkout || name === \"\" || userphone === \"\") {\r\n      alert(\"L\u00fctfen t\u00fcm alanlar\u0131 doldurunuz.\");\r\n      return;\r\n    }\r\n\r\n    const formattedCheckin = checkin.split('-').reverse().join('.');\r\n    const formattedCheckout = checkout.split('-').reverse().join('.');\r\n    const msg = `Rezervasyon Talebi:\ud83d\udc64 Ad Soyad: ${name}\ud83d\udcde Telefon: ${userphone}\ud83d\udcc5 Giri\u015f: ${formattedCheckin}\ud83d\udcc5 \u00c7\u0131k\u0131\u015f: ${formattedCheckout}`;\r\n\r\n    const phone = \"905326213973\";\r\n    window.open(`https:\/\/wa.me\/${phone}?text=${encodeURIComponent(msg)}`, '_blank');\r\n  }\r\n<\/script>\r\n\r\n<\/body>\r\n<\/html>\r\n\t\t\t\t<\/div>\n\t\t\t\t<\/div>\n\t\t\t\t\t<\/div>\n\t\t\t\t<\/div>\n\t\t\t\t<\/div>\n\t\t","protected":false},"excerpt":{"rendered":"<p>Villa Rezervasyon Villa Rezervasyon Talebi Ad Soyad: Telefon: Giri\u015f Tarihi: \u00c7\u0131k\u0131\u015f Tarihi: WhatsApp ile G\u00f6nder<\/p>\n","protected":false},"author":1,"featured_media":0,"parent":0,"menu_order":0,"comment_status":"closed","ping_status":"closed","template":"","meta":{"_uag_custom_page_level_css":"","footnotes":""},"class_list":["post-1189","page","type-page","status-publish","hentry"],"yoast_head":"<!-- This site is optimized with the Yoast SEO plugin v25.4 - https:\/\/yoast.com\/wordpress\/plugins\/seo\/ -->\n<title>Rezervasyon -<\/title>\n<meta name=\"robots\" content=\"index, follow, max-snippet:-1, max-image-preview:large, max-video-preview:-1\" \/>\n<link rel=\"canonical\" href=\"https:\/\/aleynavillalar\u0131.com\/?page_id=1189\" \/>\n<meta property=\"og:locale\" content=\"tr_TR\" \/>\n<meta property=\"og:type\" content=\"article\" \/>\n<meta property=\"og:title\" content=\"Rezervasyon -\" \/>\n<meta property=\"og:description\" content=\"Villa Rezervasyon Villa Rezervasyon Talebi Ad Soyad: Telefon: Giri\u015f Tarihi: \u00c7\u0131k\u0131\u015f Tarihi: WhatsApp ile G\u00f6nder\" \/>\n<meta property=\"og:url\" content=\"https:\/\/aleynavillalar\u0131.com\/?page_id=1189\" \/>\n<meta property=\"article:modified_time\" content=\"2025-07-11T10:02:09+00:00\" \/>\n<meta name=\"twitter:card\" content=\"summary_large_image\" \/>\n<script type=\"application\/ld+json\" class=\"yoast-schema-graph\">{\"@context\":\"https:\/\/schema.org\",\"@graph\":[{\"@type\":\"WebPage\",\"@id\":\"https:\/\/aleynavillalar\u0131.com\/?page_id=1189\",\"url\":\"https:\/\/aleynavillalar\u0131.com\/?page_id=1189\",\"name\":\"Rezervasyon -\",\"isPartOf\":{\"@id\":\"https:\/\/aleynavillalar\u0131.com\/#website\"},\"datePublished\":\"2025-07-02T16:54:23+00:00\",\"dateModified\":\"2025-07-11T10:02:09+00:00\",\"breadcrumb\":{\"@id\":\"https:\/\/aleynavillalar\u0131.com\/?page_id=1189#breadcrumb\"},\"inLanguage\":\"tr\",\"potentialAction\":[{\"@type\":\"ReadAction\",\"target\":[\"https:\/\/aleynavillalar\u0131.com\/?page_id=1189\"]}]},{\"@type\":\"BreadcrumbList\",\"@id\":\"https:\/\/aleynavillalar\u0131.com\/?page_id=1189#breadcrumb\",\"itemListElement\":[{\"@type\":\"ListItem\",\"position\":1,\"name\":\"Anasayfa\",\"item\":\"https:\/\/aleynavillalar\u0131.com\/\"},{\"@type\":\"ListItem\",\"position\":2,\"name\":\"Rezervasyon\"}]},{\"@type\":\"WebSite\",\"@id\":\"https:\/\/aleynavillalar\u0131.com\/#website\",\"url\":\"https:\/\/aleynavillalar\u0131.com\/\",\"name\":\"\",\"description\":\"\",\"potentialAction\":[{\"@type\":\"SearchAction\",\"target\":{\"@type\":\"EntryPoint\",\"urlTemplate\":\"https:\/\/aleynavillalar\u0131.com\/?s={search_term_string}\"},\"query-input\":{\"@type\":\"PropertyValueSpecification\",\"valueRequired\":true,\"valueName\":\"search_term_string\"}}],\"inLanguage\":\"tr\"}]}<\/script>\n<!-- \/ Yoast SEO plugin. -->","yoast_head_json":{"title":"Rezervasyon -","robots":{"index":"index","follow":"follow","max-snippet":"max-snippet:-1","max-image-preview":"max-image-preview:large","max-video-preview":"max-video-preview:-1"},"canonical":"https:\/\/aleynavillalar\u0131.com\/?page_id=1189","og_locale":"tr_TR","og_type":"article","og_title":"Rezervasyon -","og_description":"Villa Rezervasyon Villa Rezervasyon Talebi Ad Soyad: Telefon: Giri\u015f Tarihi: \u00c7\u0131k\u0131\u015f Tarihi: WhatsApp ile G\u00f6nder","og_url":"https:\/\/aleynavillalar\u0131.com\/?page_id=1189","article_modified_time":"2025-07-11T10:02:09+00:00","twitter_card":"summary_large_image","schema":{"@context":"https:\/\/schema.org","@graph":[{"@type":"WebPage","@id":"https:\/\/aleynavillalar\u0131.com\/?page_id=1189","url":"https:\/\/aleynavillalar\u0131.com\/?page_id=1189","name":"Rezervasyon -","isPartOf":{"@id":"https:\/\/aleynavillalar\u0131.com\/#website"},"datePublished":"2025-07-02T16:54:23+00:00","dateModified":"2025-07-11T10:02:09+00:00","breadcrumb":{"@id":"https:\/\/aleynavillalar\u0131.com\/?page_id=1189#breadcrumb"},"inLanguage":"tr","potentialAction":[{"@type":"ReadAction","target":["https:\/\/aleynavillalar\u0131.com\/?page_id=1189"]}]},{"@type":"BreadcrumbList","@id":"https:\/\/aleynavillalar\u0131.com\/?page_id=1189#breadcrumb","itemListElement":[{"@type":"ListItem","position":1,"name":"Anasayfa","item":"https:\/\/aleynavillalar\u0131.com\/"},{"@type":"ListItem","position":2,"name":"Rezervasyon"}]},{"@type":"WebSite","@id":"https:\/\/aleynavillalar\u0131.com\/#website","url":"https:\/\/aleynavillalar\u0131.com\/","name":"","description":"","potentialAction":[{"@type":"SearchAction","target":{"@type":"EntryPoint","urlTemplate":"https:\/\/aleynavillalar\u0131.com\/?s={search_term_string}"},"query-input":{"@type":"PropertyValueSpecification","valueRequired":true,"valueName":"search_term_string"}}],"inLanguage":"tr"}]}},"uagb_featured_image_src":{"full":false,"thumbnail":false,"medium":false,"medium_large":false,"large":false,"1536x1536":false,"2048x2048":false},"uagb_author_info":{"display_name":"kaymakyakup29@gmail.com","author_link":"https:\/\/aleynavillalar\u0131.com\/?author=1"},"uagb_comment_info":0,"uagb_excerpt":"Villa Rezervasyon Villa Rezervasyon Talebi Ad Soyad: Telefon: Giri\u015f Tarihi: \u00c7\u0131k\u0131\u015f Tarihi: WhatsApp ile G\u00f6nder","_links":{"self":[{"href":"https:\/\/aleynavillalar\u0131.com\/index.php?rest_route=\/wp\/v2\/pages\/1189","targetHints":{"allow":["GET"]}}],"collection":[{"href":"https:\/\/aleynavillalar\u0131.com\/index.php?rest_route=\/wp\/v2\/pages"}],"about":[{"href":"https:\/\/aleynavillalar\u0131.com\/index.php?rest_route=\/wp\/v2\/types\/page"}],"author":[{"embeddable":true,"href":"https:\/\/aleynavillalar\u0131.com\/index.php?rest_route=\/wp\/v2\/users\/1"}],"replies":[{"embeddable":true,"href":"https:\/\/aleynavillalar\u0131.com\/index.php?rest_route=%2Fwp%2Fv2%2Fcomments&post=1189"}],"version-history":[{"count":34,"href":"https:\/\/aleynavillalar\u0131.com\/index.php?rest_route=\/wp\/v2\/pages\/1189\/revisions"}],"predecessor-version":[{"id":1326,"href":"https:\/\/aleynavillalar\u0131.com\/index.php?rest_route=\/wp\/v2\/pages\/1189\/revisions\/1326"}],"wp:attachment":[{"href":"https:\/\/aleynavillalar\u0131.com\/index.php?rest_route=%2Fwp%2Fv2%2Fmedia&parent=1189"}],"curies":[{"name":"wp","href":"https:\/\/api.w.org\/{rel}","templated":true}]}}