{"id":1127,"date":"2025-07-02T15:16:43","date_gmt":"2025-07-02T15:16:43","guid":{"rendered":"https:\/\/aleynavillalar\u0131.com\/?page_id=1127"},"modified":"2025-07-11T09:56:00","modified_gmt":"2025-07-11T09:56:00","slug":"ana-sayfa","status":"publish","type":"page","link":"https:\/\/aleynavillalar\u0131.com\/","title":{"rendered":"Ana Sayfa"},"content":{"rendered":"\t\t<div data-elementor-type=\"wp-page\" data-elementor-id=\"1127\" class=\"elementor elementor-1127\">\n\t\t\t\t<div class=\"elementor-element elementor-element-1f8e6ae e-flex e-con-boxed e-con e-parent\" data-id=\"1f8e6ae\" data-element_type=\"container\">\n\t\t\t\t\t<div class=\"e-con-inner\">\n\t\t\t\t<div class=\"elementor-element elementor-element-ec6d329 elementor-widget elementor-widget-heading\" data-id=\"ec6d329\" data-element_type=\"widget\" data-widget_type=\"heading.default\">\n\t\t\t\t<div class=\"elementor-widget-container\">\n\t\t\t\t\t<h2 class=\"elementor-heading-title elementor-size-default\">Villa Aleyna<\/h2>\t\t\t\t<\/div>\n\t\t\t\t<\/div>\n\t\t\t\t\t<\/div>\n\t\t\t\t<\/div>\n\t\t<div class=\"elementor-element elementor-element-21ec4b1 e-flex e-con-boxed e-con e-parent\" data-id=\"21ec4b1\" data-element_type=\"container\">\n\t\t\t\t\t<div class=\"e-con-inner\">\n\t\t\t\t<div class=\"elementor-element elementor-element-9ac3c82 elementor-widget elementor-widget-html\" data-id=\"9ac3c82\" data-element_type=\"widget\" data-widget_type=\"html.default\">\n\t\t\t\t<div class=\"elementor-widget-container\">\n\t\t\t\t\t<!-- Font ve Animasyon \u0130\u00e7in Gerekenler -->\r\n<link href=\"https:\/\/fonts.googleapis.com\/css2?family=Actor&display=swap\" rel=\"stylesheet\">\r\n<style>\r\n@keyframes fadeInUp {\r\n  from {\r\n    opacity: 0;\r\n    transform: translateY(30px);\r\n  }\r\n  to {\r\n    opacity: 1;\r\n    transform: translateY(0);\r\n  }\r\n}\r\n.villa-box {\r\n  font-family: 'Actor', sans-serif;\r\n  background: linear-gradient(135deg, #f9f9f9, #ffffff);\r\n  padding: 24px;\r\n  border-radius: 16px;\r\n  box-shadow: 0 4px 16px rgba(0,0,0,0.08);\r\n  max-width: 600px;\r\n  margin: 20px auto;\r\n  animation: fadeInUp 1s ease-out both;\r\n}\r\n<\/style>\r\n\r\n<!-- Tan\u0131t\u0131m \u0130\u00e7eri\u011fi -->\r\n<div class=\"villa-box\">\r\n  <h3 style=\"color: #2e7d32; font-size: 22px; margin-bottom: 16px;\">\ud83c\udf3f Ka\u015f-Kalkan\u2019da Huzurun ve Konforun Adresi<\/h3>\r\n  <ul style=\"list-style: none; padding: 0; margin: 0; line-height: 1.8; color: #333;\">\r\n    <li>\ud83d\udc68\u200d\ud83d\udc69\u200d\ud83d\udc67\u200d\ud83d\udc66 <strong>6 ki\u015filik kapasitesi<\/strong> ve <strong>3 ferah yatak odas\u0131yla<\/strong> aileniz ve sevdiklerinizle konforlu bir tatil.<\/li>\r\n    <li>\ud83c\udf0a <strong>Panoramik deniz ve do\u011fa manzaras\u0131<\/strong> e\u015fli\u011finde ruhunuzu dinlendirin.<\/li>\r\n    <li>\ud83c\udfe1 <strong>Modern mimarisi<\/strong> ve \u015f\u0131k detaylar\u0131yla her an\u0131 \u00f6zel k\u0131lan i\u00e7 ve d\u0131\u015f ya\u015fam alanlar\u0131.<\/li>\r\n    <li>\ud83c\udf34 Geni\u015f veranda ve <strong>\u00f6zel bah\u00e7e<\/strong> alan\u0131nda g\u00fcn bat\u0131m\u0131n\u0131 izleyin, dinginli\u011fin tad\u0131n\u0131 \u00e7\u0131kar\u0131n.<\/li>\r\n    <li>\u2728 T\u00fcm detaylar\u0131yla unutulmaz bir <strong>Ka\u015f\u2013Kalkan tatili<\/strong> sizi bekliyor.<\/li>\r\n  <\/ul>\r\n<\/div>\r\n\t\t\t\t<\/div>\n\t\t\t\t<\/div>\n\t\t\t\t\t<\/div>\n\t\t\t\t<\/div>\n\t\t<div class=\"elementor-element elementor-element-9a8d576 e-flex e-con-boxed e-con e-parent\" data-id=\"9a8d576\" data-element_type=\"container\" data-settings=\"{&quot;background_background&quot;:&quot;classic&quot;}\">\n\t\t\t\t\t<div class=\"e-con-inner\">\n\t\t\t\t<div class=\"elementor-element elementor-element-a05e7ce elementor-widget elementor-widget-html\" data-id=\"a05e7ce\" data-element_type=\"widget\" data-widget_type=\"html.default\">\n\t\t\t\t<div class=\"elementor-widget-container\">\n\t\t\t\t\t<!-- Swiper CSS -->\r\n<link rel=\"stylesheet\" href=\"https:\/\/cdn.jsdelivr.net\/npm\/swiper@9\/swiper-bundle.min.css\" \/>\r\n\r\n<!-- Ba\u015fl\u0131k -->\r\n<h2 style=\"text-align:center; font-family:'Actor', sans-serif; color:#2e7d32; margin-bottom:20px;\">\ud83c\udfe1 Villa G\u00f6rselleri<\/h2>\r\n\r\n<!-- Swiper Container -->\r\n<div class=\"swiper mySwiper\" style=\"max-width: 1000px; margin:auto;\">\r\n  <div class=\"swiper-wrapper\">\r\n\r\n    <!-- G\u00d6RSELLER -->\r\n    <div class=\"swiper-slide\"><img decoding=\"async\" src=\"https:\/\/aleynavillalar\u0131.com\/wp-content\/uploads\/2025\/07\/WhatsApp-Image-2025-06-30-at-08.27.18-Kopya.jpeg\" style=\"width:100%; border-radius:12px;\"><\/div>\r\n    <div class=\"swiper-slide\"><img decoding=\"async\" src=\"https:\/\/aleynavillalar\u0131.com\/wp-content\/uploads\/2025\/07\/WhatsApp-Image-2025-06-30-at-08.27.18-2-Kopya.jpeg\" style=\"width:100%; border-radius:12px;\"><\/div>\r\n    <div class=\"swiper-slide\"><img decoding=\"async\" src=\"https:\/\/aleynavillalar\u0131.com\/wp-content\/uploads\/2025\/07\/WhatsApp-Image-2025-06-30-at-08.27.19-1-Kopya.jpeg\" style=\"width:100%; border-radius:12px;\"><\/div>\r\n    <div class=\"swiper-slide\"><img decoding=\"async\" src=\"https:\/\/aleynavillalar\u0131.com\/wp-content\/uploads\/2025\/07\/WhatsApp-Image-2025-06-30-at-08.27.19-2.jpeg\" style=\"width:100%; border-radius:12px;\"><\/div>\r\n    <div class=\"swiper-slide\"><img decoding=\"async\" src=\"https:\/\/aleynavillalar\u0131.com\/wp-content\/uploads\/2025\/07\/WhatsApp-Image-2025-06-30-at-08.27.20-1.jpeg\" style=\"width:100%; border-radius:12px;\"><\/div>\r\n    <div class=\"swiper-slide\"><img decoding=\"async\" src=\"https:\/\/aleynavillalar\u0131.com\/wp-content\/uploads\/2025\/07\/WhatsApp-Image-2025-06-30-at-08.27.20.jpeg\" style=\"width:100%; border-radius:12px;\"><\/div>\r\n    <div class=\"swiper-slide\"><img decoding=\"async\" src=\"https:\/\/aleynavillalar\u0131.com\/wp-content\/uploads\/2025\/07\/WhatsApp-Image-2025-06-30-at-08.27.20-2.jpeg\" style=\"width:100%; border-radius:12px;\"><\/div>\r\n    <div class=\"swiper-slide\"><img decoding=\"async\" src=\"https:\/\/aleynavillalar\u0131.com\/wp-content\/uploads\/2025\/07\/WhatsApp-Image-2025-06-30-at-08.28.05.jpeg\" style=\"width:100%; border-radius:12px;\"><\/div>\r\n    <div class=\"swiper-slide\"><img decoding=\"async\" src=\"https:\/\/aleynavillalar\u0131.com\/wp-content\/uploads\/2025\/07\/WhatsApp-Image-2025-06-30-at-08.27.54.jpeg\" style=\"width:100%; border-radius:12px;\"><\/div>\r\n    <div class=\"swiper-slide\"><img decoding=\"async\" src=\"https:\/\/aleynavillalar\u0131.com\/wp-content\/uploads\/2025\/07\/WhatsApp-Image-2025-06-30-at-08.28.06-1.jpeg\" style=\"width:100%; border-radius:12px;\"><\/div>\r\n    <div class=\"swiper-slide\"><img decoding=\"async\" src=\"https:\/\/aleynavillalar\u0131.com\/wp-content\/uploads\/2025\/07\/WhatsApp-Image-2025-06-30-at-08.28.06.jpeg\" style=\"width:100%; border-radius:12px;\"><\/div>\r\n    <div class=\"swiper-slide\"><img decoding=\"async\" src=\"https:\/\/aleynavillalar\u0131.com\/wp-content\/uploads\/2025\/07\/WhatsApp-Image-2025-06-30-at-08.28.07.jpeg\" style=\"width:100%; border-radius:12px;\"><\/div>\r\n    <div class=\"swiper-slide\"><img decoding=\"async\" src=\"https:\/\/aleynavillalar\u0131.com\/wp-content\/uploads\/2025\/07\/WhatsApp-Image-2025-06-30-at-08.28.09.jpeg\" style=\"width:100%; border-radius:12px;\"><\/div>\r\n    <div class=\"swiper-slide\"><img decoding=\"async\" src=\"https:\/\/aleynavillalar\u0131.com\/wp-content\/uploads\/2025\/07\/WhatsApp-Image-2025-06-30-at-08.28.10-2.jpeg\" style=\"width:100%; border-radius:12px;\"><\/div>\r\n    <div class=\"swiper-slide\"><img decoding=\"async\" src=\"https:\/\/aleynavillalar\u0131.com\/wp-content\/uploads\/2025\/07\/WhatsApp-Image-2025-06-30-at-08.28.10-2-1.jpeg\" style=\"width:100%; border-radius:12px;\"><\/div>\r\n    <div class=\"swiper-slide\"><img decoding=\"async\" src=\"https:\/\/aleynavillalar\u0131.com\/wp-content\/uploads\/2025\/07\/WhatsApp-Image-2025-06-30-at-08.28.11.jpeg\" style=\"width:100%; border-radius:12px;\"><\/div>\r\n    <div class=\"swiper-slide\"><img decoding=\"async\" src=\"https:\/\/aleynavillalar\u0131.com\/wp-content\/uploads\/2025\/07\/WhatsApp-Image-2025-06-30-at-08.28.49.jpeg\" style=\"width:100%; border-radius:12px;\"><\/div>\r\n    <div class=\"swiper-slide\"><img decoding=\"async\" src=\"https:\/\/aleynavillalar\u0131.com\/wp-content\/uploads\/2025\/07\/WhatsApp-Image-2025-06-30-at-08.28.50-1.jpeg\" style=\"width:100%; border-radius:12px;\"><\/div>\r\n    <div class=\"swiper-slide\"><img decoding=\"async\" src=\"https:\/\/aleynavillalar\u0131.com\/wp-content\/uploads\/2025\/07\/WhatsApp-Image-2025-06-30-at-08.28.54-1.jpeg\" style=\"width:100%; border-radius:12px;\"><\/div>\r\n    <div class=\"swiper-slide\"><img decoding=\"async\" src=\"https:\/\/aleynavillalar\u0131.com\/wp-content\/uploads\/2025\/07\/WhatsApp-Image-2025-06-30-at-08.28.55.jpeg\" style=\"width:100%; border-radius:12px;\"><\/div>\r\n    <div class=\"swiper-slide\"><img decoding=\"async\" src=\"https:\/\/aleynavillalar\u0131.com\/wp-content\/uploads\/2025\/07\/WhatsApp-Image-2025-06-30-at-08.28.56-1.jpeg\" style=\"width:100%; border-radius:12px;\"><\/div>\r\n    <div class=\"swiper-slide\"><img decoding=\"async\" src=\"https:\/\/aleynavillalar\u0131.com\/wp-content\/uploads\/2025\/07\/WhatsApp-Image-2025-06-30-at-08.28.57-2.jpeg\" style=\"width:100%; border-radius:12px;\"><\/div>\r\n    <div class=\"swiper-slide\"><img decoding=\"async\" src=\"https:\/\/aleynavillalar\u0131.com\/wp-content\/uploads\/2025\/07\/WhatsApp-Image-2025-06-30-at-08.28.58.jpeg\" style=\"width:100%; border-radius:12px;\"><\/div>\r\n    <div class=\"swiper-slide\"><img decoding=\"async\" src=\"https:\/\/aleynavillalar\u0131.com\/wp-content\/uploads\/2025\/07\/WhatsApp-Image-2025-06-30-at-08.28.59.jpeg\" style=\"width:100%; border-radius:12px;\"><\/div>\r\n\r\n  <\/div>\r\n\r\n  <!-- Navigasyon Butonlar\u0131 -->\r\n  <div class=\"swiper-button-next\"><\/div>\r\n  <div class=\"swiper-button-prev\"><\/div>\r\n  <div class=\"swiper-pagination\"><\/div>\r\n<\/div>\r\n\r\n<!-- Swiper JS -->\r\n<script src=\"https:\/\/cdn.jsdelivr.net\/npm\/swiper@9\/swiper-bundle.min.js\"><\/script>\r\n\r\n<!-- Swiper Ayarlar\u0131 -->\r\n<script>\r\n  const swiper = new Swiper(\".mySwiper\", {\r\n    loop: true,\r\n    spaceBetween: 30,\r\n    centeredSlides: true,\r\n    autoplay: {\r\n      delay: 4000,\r\n      disableOnInteraction: false,\r\n    },\r\n    pagination: {\r\n      el: \".swiper-pagination\",\r\n      clickable: true,\r\n    },\r\n    navigation: {\r\n      nextEl: \".swiper-button-next\",\r\n      prevEl: \".swiper-button-prev\",\r\n    },\r\n  });\r\n<\/script>\r\n\t\t\t\t<\/div>\n\t\t\t\t<\/div>\n\t\t\t\t\t<\/div>\n\t\t\t\t<\/div>\n\t\t<div class=\"elementor-element elementor-element-28189d8 e-flex e-con-boxed e-con e-parent\" data-id=\"28189d8\" data-element_type=\"container\">\n\t\t\t\t\t<div class=\"e-con-inner\">\n\t\t\t\t<div class=\"elementor-element elementor-element-9e2ed29 elementor-widget elementor-widget-html\" data-id=\"9e2ed29\" data-element_type=\"widget\" data-widget_type=\"html.default\">\n\t\t\t\t<div class=\"elementor-widget-container\">\n\t\t\t\t\t<!-- Gerekli Font -->\r\n<link href=\"https:\/\/fonts.googleapis.com\/css2?family=Actor&display=swap\" rel=\"stylesheet\">\r\n\r\n<!-- CSS & Animasyon -->\r\n<style>\r\n@keyframes fadeInUp {\r\n  from { opacity: 0; transform: translateY(30px); }\r\n  to { opacity: 1; transform: translateY(0); }\r\n}\r\n.villa-features {\r\n  font-family: 'Actor', sans-serif;\r\n  background: linear-gradient(135deg, #ffffff, #f7f7f7);\r\n  padding: 30px;\r\n  border-radius: 20px;\r\n  box-shadow: 0 4px 18px rgba(0,0,0,0.06);\r\n  max-width: 750px;\r\n  margin: 40px auto;\r\n  animation: fadeInUp 1s ease-out both;\r\n}\r\n.villa-features h2 {\r\n  font-size: 24px;\r\n  color: #2e7d32;\r\n  text-align: center;\r\n  margin-bottom: 20px;\r\n}\r\n.villa-features ul {\r\n  list-style: none;\r\n  padding-left: 0;\r\n  font-size: 16px;\r\n  color: #333;\r\n  line-height: 1.8;\r\n}\r\n.villa-features li {\r\n  margin-bottom: 8px;\r\n}\r\n<\/style>\r\n\r\n<!-- \u0130\u00e7erik -->\r\n<div class=\"villa-features\">\r\n  <h2>\ud83c\udfe1 Villam\u0131zda Neler Var?<\/h2>\r\n  <ul>\r\n    <li>\ud83d\udcd0 <strong>3+1 oda plan\u0131:<\/strong> 3 yatak odas\u0131 + 1 geni\u015f salon<\/li>\r\n    <li>\ud83c\udfe0 <strong>6 ki\u015filik<\/strong> konforlu ve geni\u015f ya\u015fam alan\u0131<\/li>\r\n    <li>\ud83d\udecf\ufe0f <strong>3 ferah yatak odas\u0131<\/strong>, her biri modern dekorasyonlu<\/li>\r\n    <li>\ud83c\udf05 <strong>E\u015fsiz deniz ve do\u011fa manzaras\u0131yla<\/strong> huzurlu bir ortam<\/li>\r\n    <li>\ud83c\udf3f <strong>\u00d6zel bah\u00e7e ve teras<\/strong>, g\u00fcn bat\u0131m\u0131n\u0131 izlemek i\u00e7in ideal<\/li>\r\n    <li>\ud83c\udf73 <strong>Tam donan\u0131ml\u0131 mutfak<\/strong>, t\u00fcm yemek ihtiya\u00e7lar\u0131n\u0131z i\u00e7in haz\u0131r<\/li>\r\n    <li>\u2744\ufe0f <strong>Klimal\u0131 ve s\u0131cak-so\u011fuk hava sistemi<\/strong> ile y\u0131l\u0131n her mevsimi konforlu<\/li>\r\n    <li>\ud83d\udccd <strong>Ka\u015f-Kalkan\u2019\u0131n merkezi lokasyonuna yak\u0131n<\/strong>, kolay ula\u015f\u0131m<\/li>\r\n    <li>\ud83e\udd2b <strong>Sessiz ve sakin \u00e7evresi<\/strong>, tatilinizi huzur i\u00e7inde ge\u00e7irmeniz i\u00e7in<\/li>\r\n    <li>\ud83d\udcf6 <strong>Y\u00fcksek h\u0131zl\u0131 Wi-Fi<\/strong> ve e\u011flence sistemleri<\/li>\r\n    <li>\ud83d\udec1 <strong>Manzaraya kar\u015f\u0131 konumland\u0131r\u0131lm\u0131\u015f jakuzi<\/strong>, tatilinize l\u00fcks ve rahatl\u0131k katar<\/li>\r\n    <li>\ud83d\ude97 <strong>Otopark imkan\u0131<\/strong> ve g\u00fcvenlik<\/li>\r\n  <\/ul>\r\n<\/div>\r\n\t\t\t\t<\/div>\n\t\t\t\t<\/div>\n\t\t\t\t\t<\/div>\n\t\t\t\t<\/div>\n\t\t<div class=\"elementor-element elementor-element-d076625 e-flex e-con-boxed e-con e-parent\" data-id=\"d076625\" data-element_type=\"container\">\n\t\t\t\t\t<div class=\"e-con-inner\">\n\t\t\t\t\t<\/div>\n\t\t\t\t<\/div>\n\t\t<div class=\"elementor-element elementor-element-3e5eebf e-flex e-con-boxed e-con e-parent\" data-id=\"3e5eebf\" data-element_type=\"container\">\n\t\t\t\t\t<div class=\"e-con-inner\">\n\t\t\t\t<div class=\"elementor-element elementor-element-f72ee31 elementor-widget elementor-widget-html\" data-id=\"f72ee31\" data-element_type=\"widget\" data-widget_type=\"html.default\">\n\t\t\t\t<div class=\"elementor-widget-container\">\n\t\t\t\t\t<a href=\"https:\/\/xn--aleynavillalar-jgc.com\/?page_id=1189\" style=\"\r\n  display: inline-block;\r\n  background-color: #2e7d32;\r\n  color: white;\r\n  font-family: 'Actor', sans-serif;\r\n  font-size: 17px;\r\n  padding: 14px 28px;\r\n  border-radius: 12px;\r\n  text-decoration: none;\r\n  box-shadow: 0 4px 12px rgba(0,0,0,0.15);\r\n  transition: background-color 0.3s ease;\r\n\">\r\n  \ud83d\udcc6 Rezervasyon Yap\r\n<\/a>\r\n\t\t\t\t<\/div>\n\t\t\t\t<\/div>\n\t\t\t\t\t<\/div>\n\t\t\t\t<\/div>\n\t\t<div class=\"elementor-element elementor-element-02acc51 e-flex e-con-boxed e-con e-parent\" data-id=\"02acc51\" data-element_type=\"container\">\n\t\t\t\t\t<div class=\"e-con-inner\">\n\t\t\t\t<div class=\"elementor-element elementor-element-a70c2f5 elementor-widget elementor-widget-html\" data-id=\"a70c2f5\" data-element_type=\"widget\" data-widget_type=\"html.default\">\n\t\t\t\t<div class=\"elementor-widget-container\">\n\t\t\t\t\t<!-- Google Font -->\r\n<link href=\"https:\/\/fonts.googleapis.com\/css2?family=Actor&display=swap\" rel=\"stylesheet\">\r\n\r\n<!-- Sosyal Medya Kutusu -->\r\n<div style=\"font-family: 'Actor', sans-serif; max-width: 500px; margin: 40px auto; text-align: center;\">\r\n  <h2 style=\"color: #2e7d32; font-size: 22px; margin-bottom: 20px;\">\ud83d\udcf1 Sosyal Medya Hesaplar\u0131m\u0131z<\/h2>\r\n\r\n  <!-- Instagram -->\r\n  <a href=\"https:\/\/www.instagram.com\/villaaleyna0\/\" target=\"_blank\" style=\"\r\n    display: inline-block;\r\n    background-color: #E1306C;\r\n    color: white;\r\n    font-size: 16px;\r\n    padding: 12px 24px;\r\n    margin: 8px;\r\n    border-radius: 10px;\r\n    text-decoration: none;\r\n    box-shadow: 0 4px 12px rgba(0,0,0,0.1);\r\n    transition: background-color 0.3s ease;\r\n  \">\r\n    \ud83d\udcf8 Instagram\r\n  <\/a>\r\n\r\n  <!-- Google Maps -->\r\n  <a href=\"https:\/\/maps.app.goo.gl\/dbC1pDpzMntZXHwV8\" target=\"_blank\" style=\"\r\n    display: inline-block;\r\n    background-color: #4285F4;\r\n    color: white;\r\n    font-size: 16px;\r\n    padding: 12px 24px;\r\n    margin: 8px;\r\n    border-radius: 10px;\r\n    text-decoration: none;\r\n    box-shadow: 0 4px 12px rgba(0,0,0,0.1);\r\n    transition: background-color 0.3s ease;\r\n  \">\r\n    \ud83d\udccd Konum (Google Maps)\r\n  <\/a>\r\n<\/div>\r\n\t\t\t\t<\/div>\n\t\t\t\t<\/div>\n\t\t\t\t\t<\/div>\n\t\t\t\t<\/div>\n\t\t<div class=\"elementor-element elementor-element-46c61e7 e-flex e-con-boxed e-con e-parent\" data-id=\"46c61e7\" data-element_type=\"container\">\n\t\t\t\t\t<div class=\"e-con-inner\">\n\t\t\t\t\t<\/div>\n\t\t\t\t<\/div>\n\t\t\t\t<\/div>\n\t\t","protected":false},"excerpt":{"rendered":"<p>Villa Aleyna \ud83c\udf3f Ka\u015f-Kalkan\u2019da Huzurun ve Konforun Adresi \ud83d\udc68\u200d\ud83d\udc69\u200d\ud83d\udc67\u200d\ud83d\udc66 6 ki\u015filik kapasitesi ve 3 ferah yatak odas\u0131yla aileniz ve sevdiklerinizle konforlu bir tatil. \ud83c\udf0a Panoramik deniz ve do\u011fa manzaras\u0131 e\u015fli\u011finde ruhunuzu dinlendirin. \ud83c\udfe1 Modern mimarisi ve \u015f\u0131k detaylar\u0131yla her an\u0131 \u00f6zel k\u0131lan i\u00e7 ve d\u0131\u015f ya\u015fam alanlar\u0131. \ud83c\udf34 Geni\u015f veranda ve \u00f6zel bah\u00e7e alan\u0131nda g\u00fcn [&hellip;]<\/p>\n","protected":false},"author":1,"featured_media":0,"parent":0,"menu_order":0,"comment_status":"closed","ping_status":"closed","template":"","meta":{"_uag_custom_page_level_css":"","footnotes":""},"class_list":["post-1127","page","type-page","status-publish","hentry"],"yoast_head":"<!-- This site is optimized with the Yoast SEO plugin v25.4 - https:\/\/yoast.com\/wordpress\/plugins\/seo\/ -->\n<title>Ana Sayfa -<\/title>\n<meta name=\"robots\" content=\"index, follow, max-snippet:-1, max-image-preview:large, max-video-preview:-1\" \/>\n<link rel=\"canonical\" href=\"https:\/\/aleynavillalar\u0131.com\/\" \/>\n<meta property=\"og:locale\" content=\"tr_TR\" \/>\n<meta property=\"og:type\" content=\"article\" \/>\n<meta property=\"og:title\" content=\"Ana Sayfa -\" \/>\n<meta property=\"og:description\" content=\"Villa Aleyna \ud83c\udf3f Ka\u015f-Kalkan\u2019da Huzurun ve Konforun Adresi \ud83d\udc68\u200d\ud83d\udc69\u200d\ud83d\udc67\u200d\ud83d\udc66 6 ki\u015filik kapasitesi ve 3 ferah yatak odas\u0131yla aileniz ve sevdiklerinizle konforlu bir tatil. \ud83c\udf0a Panoramik deniz ve do\u011fa manzaras\u0131 e\u015fli\u011finde ruhunuzu dinlendirin. \ud83c\udfe1 Modern mimarisi ve \u015f\u0131k detaylar\u0131yla her an\u0131 \u00f6zel k\u0131lan i\u00e7 ve d\u0131\u015f ya\u015fam alanlar\u0131. \ud83c\udf34 Geni\u015f veranda ve \u00f6zel bah\u00e7e alan\u0131nda g\u00fcn [&hellip;]\" \/>\n<meta property=\"og:url\" content=\"https:\/\/aleynavillalar\u0131.com\/\" \/>\n<meta property=\"article:modified_time\" content=\"2025-07-11T09:56:00+00:00\" \/>\n<meta name=\"twitter:card\" content=\"summary_large_image\" \/>\n<meta name=\"twitter:label1\" content=\"Tahmini okuma s\u00fcresi\" \/>\n\t<meta name=\"twitter:data1\" content=\"12 dakika\" \/>\n<script type=\"application\/ld+json\" class=\"yoast-schema-graph\">{\"@context\":\"https:\/\/schema.org\",\"@graph\":[{\"@type\":\"WebPage\",\"@id\":\"https:\/\/aleynavillalar\u0131.com\/\",\"url\":\"https:\/\/aleynavillalar\u0131.com\/\",\"name\":\"Ana Sayfa -\",\"isPartOf\":{\"@id\":\"https:\/\/aleynavillalar\u0131.com\/#website\"},\"datePublished\":\"2025-07-02T15:16:43+00:00\",\"dateModified\":\"2025-07-11T09:56:00+00:00\",\"breadcrumb\":{\"@id\":\"https:\/\/aleynavillalar\u0131.com\/#breadcrumb\"},\"inLanguage\":\"tr\",\"potentialAction\":[{\"@type\":\"ReadAction\",\"target\":[\"https:\/\/aleynavillalar\u0131.com\/\"]}]},{\"@type\":\"BreadcrumbList\",\"@id\":\"https:\/\/aleynavillalar\u0131.com\/#breadcrumb\",\"itemListElement\":[{\"@type\":\"ListItem\",\"position\":1,\"name\":\"Anasayfa\",\"item\":\"https:\/\/aleynavillalar\u0131.com\/\"},{\"@type\":\"ListItem\",\"position\":2,\"name\":\"Ana Sayfa\"}]},{\"@type\":\"WebSite\",\"@id\":\"https:\/\/aleynavillalar\u0131.com\/#website\",\"url\":\"https:\/\/aleynavillalar\u0131.com\/\",\"name\":\"\",\"description\":\"\",\"potentialAction\":[{\"@type\":\"SearchAction\",\"target\":{\"@type\":\"EntryPoint\",\"urlTemplate\":\"https:\/\/aleynavillalar\u0131.com\/?s={search_term_string}\"},\"query-input\":{\"@type\":\"PropertyValueSpecification\",\"valueRequired\":true,\"valueName\":\"search_term_string\"}}],\"inLanguage\":\"tr\"}]}<\/script>\n<!-- \/ Yoast SEO plugin. -->","yoast_head_json":{"title":"Ana Sayfa -","robots":{"index":"index","follow":"follow","max-snippet":"max-snippet:-1","max-image-preview":"max-image-preview:large","max-video-preview":"max-video-preview:-1"},"canonical":"https:\/\/aleynavillalar\u0131.com\/","og_locale":"tr_TR","og_type":"article","og_title":"Ana Sayfa -","og_description":"Villa Aleyna \ud83c\udf3f Ka\u015f-Kalkan\u2019da Huzurun ve Konforun Adresi \ud83d\udc68\u200d\ud83d\udc69\u200d\ud83d\udc67\u200d\ud83d\udc66 6 ki\u015filik kapasitesi ve 3 ferah yatak odas\u0131yla aileniz ve sevdiklerinizle konforlu bir tatil. \ud83c\udf0a Panoramik deniz ve do\u011fa manzaras\u0131 e\u015fli\u011finde ruhunuzu dinlendirin. \ud83c\udfe1 Modern mimarisi ve \u015f\u0131k detaylar\u0131yla her an\u0131 \u00f6zel k\u0131lan i\u00e7 ve d\u0131\u015f ya\u015fam alanlar\u0131. \ud83c\udf34 Geni\u015f veranda ve \u00f6zel bah\u00e7e alan\u0131nda g\u00fcn [&hellip;]","og_url":"https:\/\/aleynavillalar\u0131.com\/","article_modified_time":"2025-07-11T09:56:00+00:00","twitter_card":"summary_large_image","twitter_misc":{"Tahmini okuma s\u00fcresi":"12 dakika"},"schema":{"@context":"https:\/\/schema.org","@graph":[{"@type":"WebPage","@id":"https:\/\/aleynavillalar\u0131.com\/","url":"https:\/\/aleynavillalar\u0131.com\/","name":"Ana Sayfa -","isPartOf":{"@id":"https:\/\/aleynavillalar\u0131.com\/#website"},"datePublished":"2025-07-02T15:16:43+00:00","dateModified":"2025-07-11T09:56:00+00:00","breadcrumb":{"@id":"https:\/\/aleynavillalar\u0131.com\/#breadcrumb"},"inLanguage":"tr","potentialAction":[{"@type":"ReadAction","target":["https:\/\/aleynavillalar\u0131.com\/"]}]},{"@type":"BreadcrumbList","@id":"https:\/\/aleynavillalar\u0131.com\/#breadcrumb","itemListElement":[{"@type":"ListItem","position":1,"name":"Anasayfa","item":"https:\/\/aleynavillalar\u0131.com\/"},{"@type":"ListItem","position":2,"name":"Ana Sayfa"}]},{"@type":"WebSite","@id":"https:\/\/aleynavillalar\u0131.com\/#website","url":"https:\/\/aleynavillalar\u0131.com\/","name":"","description":"","potentialAction":[{"@type":"SearchAction","target":{"@type":"EntryPoint","urlTemplate":"https:\/\/aleynavillalar\u0131.com\/?s={search_term_string}"},"query-input":{"@type":"PropertyValueSpecification","valueRequired":true,"valueName":"search_term_string"}}],"inLanguage":"tr"}]}},"uagb_featured_image_src":{"full":false,"thumbnail":false,"medium":false,"medium_large":false,"large":false,"1536x1536":false,"2048x2048":false},"uagb_author_info":{"display_name":"kaymakyakup29@gmail.com","author_link":"https:\/\/aleynavillalar\u0131.com\/?author=1"},"uagb_comment_info":0,"uagb_excerpt":"Villa Aleyna \ud83c\udf3f Ka\u015f-Kalkan\u2019da Huzurun ve Konforun Adresi \ud83d\udc68\u200d\ud83d\udc69\u200d\ud83d\udc67\u200d\ud83d\udc66 6 ki\u015filik kapasitesi ve 3 ferah yatak odas\u0131yla aileniz ve sevdiklerinizle konforlu bir tatil. \ud83c\udf0a Panoramik deniz ve do\u011fa manzaras\u0131 e\u015fli\u011finde ruhunuzu dinlendirin. \ud83c\udfe1 Modern mimarisi ve \u015f\u0131k detaylar\u0131yla her an\u0131 \u00f6zel k\u0131lan i\u00e7 ve d\u0131\u015f ya\u015fam alanlar\u0131. \ud83c\udf34 Geni\u015f veranda ve \u00f6zel bah\u00e7e alan\u0131nda g\u00fcn&hellip;","_links":{"self":[{"href":"https:\/\/aleynavillalar\u0131.com\/index.php?rest_route=\/wp\/v2\/pages\/1127","targetHints":{"allow":["GET"]}}],"collection":[{"href":"https:\/\/aleynavillalar\u0131.com\/index.php?rest_route=\/wp\/v2\/pages"}],"about":[{"href":"https:\/\/aleynavillalar\u0131.com\/index.php?rest_route=\/wp\/v2\/types\/page"}],"author":[{"embeddable":true,"href":"https:\/\/aleynavillalar\u0131.com\/index.php?rest_route=\/wp\/v2\/users\/1"}],"replies":[{"embeddable":true,"href":"https:\/\/aleynavillalar\u0131.com\/index.php?rest_route=%2Fwp%2Fv2%2Fcomments&post=1127"}],"version-history":[{"count":88,"href":"https:\/\/aleynavillalar\u0131.com\/index.php?rest_route=\/wp\/v2\/pages\/1127\/revisions"}],"predecessor-version":[{"id":1320,"href":"https:\/\/aleynavillalar\u0131.com\/index.php?rest_route=\/wp\/v2\/pages\/1127\/revisions\/1320"}],"wp:attachment":[{"href":"https:\/\/aleynavillalar\u0131.com\/index.php?rest_route=%2Fwp%2Fv2%2Fmedia&parent=1127"}],"curies":[{"name":"wp","href":"https:\/\/api.w.org\/{rel}","templated":true}]}}